{"id":421,"date":"2022-11-23T11:22:12","date_gmt":"2022-11-23T11:22:12","guid":{"rendered":"https:\/\/devcan.mexxus.com\/spsquare\/about-us\/"},"modified":"2023-08-04T14:31:00","modified_gmt":"2023-08-04T14:31:00","slug":"a-propos","status":"publish","type":"page","link":"https:\/\/spsquare.ca\/fr\/a-propos\/","title":{"rendered":"A Propos"},"content":{"rendered":"<p>[et_pb_section fb_built=\u00a0\u00bb1&Prime; _builder_version=\u00a0\u00bb4.21.0&Prime; _module_preset=\u00a0\u00bbdefault\u00a0\u00bb background_color=\u00a0\u00bbrgba(0,0,0,0.55)\u00a0\u00bb background_image=\u00a0\u00bbhttps:\/\/spsquare.ca\/wp-content\/uploads\/2023\/05\/ABOUT-US-featured-image.jpg\u00a0\u00bb background_position=\u00a0\u00bbbottom_center\u00a0\u00bb background_blend=\u00a0\u00bboverlay\u00a0\u00bb custom_padding=\u00a0\u00bb200px||200px||true|false\u00a0\u00bb global_colors_info=\u00a0\u00bb{}\u00a0\u00bb][et_pb_row _builder_version=\u00a0\u00bb4.19.0&Prime; _module_preset=\u00a0\u00bbdefault\u00a0\u00bb global_colors_info=\u00a0\u00bb{}\u00a0\u00bb][et_pb_column type=\u00a0\u00bb4_4&Prime; _builder_version=\u00a0\u00bb4.19.0&Prime; _module_preset=\u00a0\u00bbdefault\u00a0\u00bb global_colors_info=\u00a0\u00bb{}\u00a0\u00bb][et_pb_text _builder_version=\u00a0\u00bb4.21.0&Prime; _module_preset=\u00a0\u00bbdefault\u00a0\u00bb header_font=\u00a0\u00bb|700|||||||\u00a0\u00bb header_text_align=\u00a0\u00bbcenter\u00a0\u00bb header_text_color=\u00a0\u00bb#FFFFFF\u00a0\u00bb header_font_size=\u00a0\u00bb36px\u00a0\u00bb global_colors_info=\u00a0\u00bb{}\u00a0\u00bb]<\/p>\n<h1>\u00c0 propos<\/h1>\n<p>[\/et_pb_text][\/et_pb_column][\/et_pb_row][\/et_pb_section][et_pb_section fb_built=\u00a0\u00bb1&Prime; _builder_version=\u00a0\u00bb4.19.0&Prime; _module_preset=\u00a0\u00bbdefault\u00a0\u00bb global_colors_info=\u00a0\u00bb{}\u00a0\u00bb][et_pb_row module_id=\u00a0\u00bbaboutpagesection\u00a0\u00bb _builder_version=\u00a0\u00bb4.21.0&Prime; _module_preset=\u00a0\u00bbdefault\u00a0\u00bb global_colors_info=\u00a0\u00bb{}\u00a0\u00bb][et_pb_column type=\u00a0\u00bb4_4&Prime; _builder_version=\u00a0\u00bb4.19.0&Prime; _module_preset=\u00a0\u00bbdefault\u00a0\u00bb global_colors_info=\u00a0\u00bb{}\u00a0\u00bb][et_pb_text _builder_version=\u00a0\u00bb4.21.0&Prime; _module_preset=\u00a0\u00bbdefault\u00a0\u00bb text_text_color=\u00a0\u00bb#416a02&Prime; header_text_color=\u00a0\u00bb#416a02&Prime; header_2_font=\u00a0\u00bb|600|||||||\u00a0\u00bb header_2_text_align=\u00a0\u00bbleft\u00a0\u00bb header_2_text_color=\u00a0\u00bb#416a02&Prime; header_2_font_size=\u00a0\u00bb30px\u00a0\u00bb global_colors_info=\u00a0\u00bb{}\u00a0\u00bb]<\/p>\n<h2>\u00c0 propos de nous <\/h2>\n<p>[\/et_pb_text][et_pb_text _builder_version=\u00a0\u00bb4.21.0&Prime; _module_preset=\u00a0\u00bbdefault\u00a0\u00bb text_orientation=\u00a0\u00bbjustified\u00a0\u00bb global_colors_info=\u00a0\u00bb{}\u00a0\u00bb]Nous sommes une communaut\u00e9 pour les 55+, actifs, autonomes et jeunes de c\u0153ur. Patrick Square Development Foundation est une organisation \u00e0 but non lucratif dont les excellents services de gestion entretiennent et am\u00e9liorent consciencieusement nos logements, sans d\u00e9pendre d\u2019aucun financement gouvernemental.<\/p>\n<p>S&rsquo;il y a un mot qui d\u00e9crit le mieux St. Patrick Square, c&rsquo;est le mot \u00a0\u00bb COMMUNAUT\u00c9 \u00ab\u00a0. Nous avons la chance d&rsquo;avoir un conseil d&rsquo;administration actif et impliqu\u00e9 qui fonctionne avec une richesse de connaissances et d&rsquo;expertise. Nos administrateurs et nos membres sont des architectes, des ing\u00e9nieurs, des comptables et des membres de la communaut\u00e9, tous des personnes d\u00e9vou\u00e9es qui donnent g\u00e9n\u00e9reusement de leur temps et qui ont \u00e0 c\u0153ur les meilleurs int\u00e9r\u00eats de la place.<\/p>\n<p>Le St. Patrick Square Recreation Association est compos\u00e9e d&rsquo;un groupe de locataires tri\u00e9s sur le volet qui consacrent leur temps et leur \u00e9nergie \u00e0 l&rsquo;organisation de nombreux \u00e9v\u00e9nements sp\u00e9ciaux et de d\u00eeners qui suscitent l&rsquo;enthousiasme, en plus des activit\u00e9s hebdomadaires et mensuelles. Un environnement communautaire unique rassemble les locataires autour d&rsquo;un large \u00e9ventail d&rsquo;activit\u00e9s, telles que des \u00e9v\u00e9nements sp\u00e9ciaux et des sorties, des f\u00eates \u00e0 th\u00e8me, des activit\u00e9s physiques, des divertissements et des projets artistiques. Les personnes \u00e0 l&rsquo;esprit artistique peuvent envisager de rejoindre le groupe d&rsquo;art ; celles qui appr\u00e9cient la camaraderie des chants communautaires peuvent rejoindre la chorale.[\/et_pb_text][\/et_pb_column][\/et_pb_row][\/et_pb_section][et_pb_section fb_built=\u00a0\u00bb1&Prime; _builder_version=\u00a0\u00bb4.19.0&Prime; _module_preset=\u00a0\u00bbdefault\u00a0\u00bb background_color=\u00a0\u00bb#f1f1f1&Prime; global_colors_info=\u00a0\u00bb{}\u00a0\u00bb][et_pb_row column_structure=\u00a0\u00bb1_2,1_2&Prime; _builder_version=\u00a0\u00bb4.19.0&Prime; _module_preset=\u00a0\u00bbdefault\u00a0\u00bb global_colors_info=\u00a0\u00bb{}\u00a0\u00bb][et_pb_column type=\u00a0\u00bb1_2&Prime; _builder_version=\u00a0\u00bb4.19.0&Prime; _module_preset=\u00a0\u00bbdefault\u00a0\u00bb global_colors_info=\u00a0\u00bb{}\u00a0\u00bb][et_pb_text _builder_version=\u00a0\u00bb4.21.0&Prime; _module_preset=\u00a0\u00bbdefault\u00a0\u00bb header_3_font=\u00a0\u00bb|700|||||||\u00a0\u00bb header_3_text_align=\u00a0\u00bbleft\u00a0\u00bb header_3_text_color=\u00a0\u00bb#416a02&Prime; header_3_font_size=\u00a0\u00bb30px\u00a0\u00bb custom_margin=\u00a0\u00bb||10px|||\u00a0\u00bb global_colors_info=\u00a0\u00bb{}\u00a0\u00bb]<\/p>\n<h3>Notre histoire<\/h3>\n<p>[\/et_pb_text][et_pb_text _builder_version=\u00a0\u00bb4.21.0&Prime; _module_preset=\u00a0\u00bbdefault\u00a0\u00bb text_text_color=\u00a0\u00bb#000000&Prime; header_6_font=\u00a0\u00bb|700|||||||\u00a0\u00bb header_6_text_color=\u00a0\u00bb#000000&Prime; header_6_font_size=\u00a0\u00bb20px\u00a0\u00bb global_colors_info=\u00a0\u00bb{}\u00a0\u00bb]On a toujours dit que \u00a0\u00bb les Irlandais sont des r\u00eaveurs \u00a0\u00bb et un Irlandais a eu le r\u00eave d&rsquo;\u00e9tablir une communaut\u00e9 de pr\u00e9retraite pour les Irlandais et ceux qui souhaitaient l&rsquo;\u00eatre.<\/p>\n<p>Gr\u00e2ce aux fonds de d\u00e9part fournis par la ST. PATRICK&rsquo;S SOCIETY, l&rsquo;une des plus anciennes organisations culturelles de Montr\u00e9al, fond\u00e9e le 17 mars 1834, et avec la b\u00e9n\u00e9diction et la coop\u00e9ration du gouvernement f\u00e9d\u00e9ral, le r\u00eave de Joseph Dunne a fait ses premiers pas lors de la c\u00e9r\u00e9monie de la premi\u00e8re pellet\u00e9e de terre, le 24 ao\u00fbt 1977.<\/p>\n<p>St. Patrick Square est devenu une r\u00e9alit\u00e9 lorsque le premier ministre Pierre Elliot Trudeau a officiellement inaugur\u00e9 St. Patrick Square le 10 mars 1979.[\/et_pb_text][\/et_pb_column][et_pb_column type=\u00a0\u00bb1_2&Prime; _builder_version=\u00a0\u00bb4.19.0&Prime; _module_preset=\u00a0\u00bbdefault\u00a0\u00bb global_colors_info=\u00a0\u00bb{}\u00a0\u00bb][et_pb_image src=\u00a0\u00bbhttps:\/\/spsquare.ca\/wp-content\/uploads\/2022\/11\/trudeau.jpg\u00a0\u00bb title_text=\u00a0\u00bbtrudeau\u00a0\u00bb force_fullwidth=\u00a0\u00bbon\u00a0\u00bb _builder_version=\u00a0\u00bb4.19.0&Prime; _module_preset=\u00a0\u00bbdefault\u00a0\u00bb global_colors_info=\u00a0\u00bb{}\u00a0\u00bb][\/et_pb_image][\/et_pb_column][\/et_pb_row][\/et_pb_section][et_pb_section fb_built=\u00a0\u00bb1&Prime; disabled_on=\u00a0\u00bboff|off|off\u00a0\u00bb _builder_version=\u00a0\u00bb4.21.0&Prime; _module_preset=\u00a0\u00bbdefault\u00a0\u00bb background_color=\u00a0\u00bb#95700a\u00a0\u00bb background_image=\u00a0\u00bbhttps:\/\/spsquare.ca\/wp-content\/uploads\/2023\/05\/colorful-decorated-flower-garden-with-grey-copy-space-top-warm-shiny-spot-light-flower-garden-picture.jpg\u00a0\u00bb background_blend=\u00a0\u00bbmultiply\u00a0\u00bb global_colors_info=\u00a0\u00bb{}\u00a0\u00bb][et_pb_row _builder_version=\u00a0\u00bb4.19.0&Prime; _module_preset=\u00a0\u00bbdefault\u00a0\u00bb global_colors_info=\u00a0\u00bb{}\u00a0\u00bb][et_pb_column type=\u00a0\u00bb4_4&Prime; _builder_version=\u00a0\u00bb4.19.0&Prime; _module_preset=\u00a0\u00bbdefault\u00a0\u00bb global_colors_info=\u00a0\u00bb{}\u00a0\u00bb][et_pb_text _builder_version=\u00a0\u00bb4.21.0&Prime; _module_preset=\u00a0\u00bbdefault\u00a0\u00bb header_2_font=\u00a0\u00bb|700|||||||\u00a0\u00bb header_2_text_align=\u00a0\u00bbcenter\u00a0\u00bb header_2_text_color=\u00a0\u00bb#FFFFFF\u00a0\u00bb header_2_font_size=\u00a0\u00bb40px\u00a0\u00bb global_colors_info=\u00a0\u00bb{}\u00a0\u00bb]<\/p>\n<h2>Nos prix<\/h2>\n<p>[\/et_pb_text][\/et_pb_column][\/et_pb_row][et_pb_row column_structure=\u00a0\u00bb1_2,1_2&Prime; _builder_version=\u00a0\u00bb4.19.0&Prime; _module_preset=\u00a0\u00bbdefault\u00a0\u00bb global_colors_info=\u00a0\u00bb{}\u00a0\u00bb][et_pb_column type=\u00a0\u00bb1_2&Prime; _builder_version=\u00a0\u00bb4.19.0&Prime; _module_preset=\u00a0\u00bbdefault\u00a0\u00bb global_colors_info=\u00a0\u00bb{}\u00a0\u00bb][et_pb_text _builder_version=\u00a0\u00bb4.21.0&Prime; _module_preset=\u00a0\u00bbdefault\u00a0\u00bb header_6_font=\u00a0\u00bb|700|||||||\u00a0\u00bb header_6_text_color=\u00a0\u00bb#FFFFFF\u00a0\u00bb header_6_font_size=\u00a0\u00bb20px\u00a0\u00bb custom_margin=\u00a0\u00bb||17px|||\u00a0\u00bb global_colors_info=\u00a0\u00bb{}\u00a0\u00bb]<\/p>\n<h6>Concours des jardins de la ville de C\u00f4te Saint-Luc<\/h6>\n<p>[\/et_pb_text][et_pb_text _builder_version=\u00a0\u00bb4.21.0&Prime; _module_preset=\u00a0\u00bbdefault\u00a0\u00bb text_text_color=\u00a0\u00bb#FFFFFF\u00a0\u00bb text_font_size=\u00a0\u00bb16px\u00a0\u00bb text_line_height=\u00a0\u00bb30px\u00a0\u00bb global_colors_info=\u00a0\u00bb{}\u00a0\u00bb]<strong>2018\/2019\/2020\/2021\/2022<\/strong> &#8211; 1\u00e8re place de la Ville de C\u00f4te Saint-Luc Arrangement floral dans le district 3<br \/>\n<strong>2010<\/strong> &#8211; 1\u00e8re place cat\u00e9gorie \u00e9lite pour r\u00e9sidence senior<br \/>\n<strong>2008<\/strong> &#8211; Prix Elite pour la r\u00e9sidence senior<br \/>\n<strong>2007<\/strong> &#8211; Prix Elite pour la r\u00e9sidence senior<br \/>\n<strong>2005<\/strong> &#8211; 1er prix pour un b\u00e2timent public[\/et_pb_text][et_pb_text _builder_version=\u00a0\u00bb4.21.0&Prime; _module_preset=\u00a0\u00bbdefault\u00a0\u00bb header_6_font=\u00a0\u00bb|700|||||||\u00a0\u00bb header_6_text_color=\u00a0\u00bb#FFFFFF\u00a0\u00bb header_6_font_size=\u00a0\u00bb20px\u00a0\u00bb custom_margin=\u00a0\u00bb||17px|||\u00a0\u00bb global_colors_info=\u00a0\u00bb{}\u00a0\u00bb]<\/p>\n<h6>Cat\u00e9gorie Elite<\/h6>\n<p>[\/et_pb_text][et_pb_text _builder_version=\u00a0\u00bb4.21.0&Prime; _module_preset=\u00a0\u00bbdefault\u00a0\u00bb text_text_color=\u00a0\u00bb#FFFFFF\u00a0\u00bb text_font_size=\u00a0\u00bb16px\u00a0\u00bb text_line_height=\u00a0\u00bb30px\u00a0\u00bb global_colors_info=\u00a0\u00bb{}\u00a0\u00bb]<strong>2004<\/strong> &#8211; Prix de la premi\u00e8re place pour la r\u00e9sidence pour personnes \u00e2g\u00e9es<br \/>\n<strong>2003<\/strong> &#8211; Prix de la deuxi\u00e8me place pour une r\u00e9sidence pour personnes \u00e2g\u00e9es<br \/>\n<strong>2002<\/strong> &#8211; Prix de la deuxi\u00e8me place pour une r\u00e9sidence pour personnes \u00e2g\u00e9es<br \/>\n<strong>2001<\/strong> &#8211; Prix Elite pour la r\u00e9sidence pour personnes \u00e2g\u00e9es<br \/>\n<strong>1985<\/strong> &#8211; Plus beau jardin de la ville[\/et_pb_text][et_pb_text _builder_version=\u00a0\u00bb4.21.0&Prime; _module_preset=\u00a0\u00bbdefault\u00a0\u00bb text_text_color=\u00a0\u00bb#FFFFFF\u00a0\u00bb header_6_font=\u00a0\u00bb|700|||||||\u00a0\u00bb header_6_text_color=\u00a0\u00bb#FFFFFF\u00a0\u00bb header_6_font_size=\u00a0\u00bb20px\u00a0\u00bb custom_margin=\u00a0\u00bb||17px|||\u00a0\u00bb global_colors_info=\u00a0\u00bb{}\u00a0\u00bb]<\/p>\n<h6>D\u00e9cern\u00e9 par le maire Bernard Lang<\/h6>\n<p>[\/et_pb_text][\/et_pb_column][et_pb_column type=\u00a0\u00bb1_2&Prime; _builder_version=\u00a0\u00bb4.19.0&Prime; _module_preset=\u00a0\u00bbdefault\u00a0\u00bb global_colors_info=\u00a0\u00bb{}\u00a0\u00bb][et_pb_text _builder_version=\u00a0\u00bb4.21.0&Prime; _module_preset=\u00a0\u00bbdefault\u00a0\u00bb text_text_color=\u00a0\u00bb#FFFFFF\u00a0\u00bb text_font_size=\u00a0\u00bb16px\u00a0\u00bb text_line_height=\u00a0\u00bb30px\u00a0\u00bb global_colors_info=\u00a0\u00bb{}\u00a0\u00bb]<strong>Central Mortgage &#038; Housing<\/strong><br \/>\n<strong>2004<\/strong> &#8211;  Reconnaissance du 25e anniversaire du projet de logement \u00e0 but non lucratif couronn\u00e9 de succ\u00e8s[\/et_pb_text][et_pb_text _builder_version=\u00a0\u00bb4.21.0&Prime; _module_preset=\u00a0\u00bbdefault\u00a0\u00bb text_text_color=\u00a0\u00bb#FFFFFF\u00a0\u00bb text_font_size=\u00a0\u00bb16px\u00a0\u00bb text_line_height=\u00a0\u00bb30px\u00a0\u00bb global_colors_info=\u00a0\u00bb{}\u00a0\u00bb]<strong>F\u00e9d\u00e9ration canadienne de la faune<\/strong><br \/>\nReconnaisance de la participation de St Patrick Square au programme des jardins d&rsquo;or pour comm\u00e9morer l&rsquo;Ann\u00e9e internationale des personnes \u00e2g\u00e9es d\u00e9clar\u00e9e par les Nations unies en 1999.[\/et_pb_text][\/et_pb_column][\/et_pb_row][\/et_pb_section]<\/p>\n","protected":false},"excerpt":{"rendered":"<p>\u00c0 propos\u00c0 propos de nous Nous sommes une communaut\u00e9 pour les 55+, actifs, autonomes et jeunes de c\u0153ur. Patrick Square Development Foundation est une organisation \u00e0 but non lucratif dont les excellents services de gestion entretiennent et am\u00e9liorent consciencieusement nos logements, sans d\u00e9pendre d\u2019aucun financement gouvernemental. S&rsquo;il y a un mot qui d\u00e9crit le mieux [&hellip;]<\/p>\n","protected":false},"author":1,"featured_media":0,"parent":0,"menu_order":0,"comment_status":"closed","ping_status":"closed","template":"","meta":{"_et_pb_use_builder":"on","_et_pb_old_content":"","_et_gb_content_width":"","footnotes":""},"class_list":["post-421","page","type-page","status-publish","hentry"],"_links":{"self":[{"href":"https:\/\/spsquare.ca\/fr\/wp-json\/wp\/v2\/pages\/421","targetHints":{"allow":["GET"]}}],"collection":[{"href":"https:\/\/spsquare.ca\/fr\/wp-json\/wp\/v2\/pages"}],"about":[{"href":"https:\/\/spsquare.ca\/fr\/wp-json\/wp\/v2\/types\/page"}],"author":[{"embeddable":true,"href":"https:\/\/spsquare.ca\/fr\/wp-json\/wp\/v2\/users\/1"}],"replies":[{"embeddable":true,"href":"https:\/\/spsquare.ca\/fr\/wp-json\/wp\/v2\/comments?post=421"}],"version-history":[{"count":28,"href":"https:\/\/spsquare.ca\/fr\/wp-json\/wp\/v2\/pages\/421\/revisions"}],"predecessor-version":[{"id":1490,"href":"https:\/\/spsquare.ca\/fr\/wp-json\/wp\/v2\/pages\/421\/revisions\/1490"}],"wp:attachment":[{"href":"https:\/\/spsquare.ca\/fr\/wp-json\/wp\/v2\/media?parent=421"}],"curies":[{"name":"wp","href":"https:\/\/api.w.org\/{rel}","templated":true}]}}