{"id":478,"date":"2022-11-03T17:56:36","date_gmt":"2022-11-03T21:56:36","guid":{"rendered":"https:\/\/devcan.mexxus.com\/spsquare\/home\/"},"modified":"2023-08-11T08:53:48","modified_gmt":"2023-08-11T12:53:48","slug":"accueil","status":"publish","type":"page","link":"https:\/\/spsquare.ca\/fr\/","title":{"rendered":"Accueil"},"content":{"rendered":"<p>[et_pb_section fb_built=\u00a0\u00bb1&Prime; _builder_version=\u00a0\u00bb4.19.1&Prime; _module_preset=\u00a0\u00bbdefault\u00a0\u00bb custom_margin=\u00a0\u00bb0px||0px||false|false\u00a0\u00bb custom_padding=\u00a0\u00bb0px||0px||false|false\u00a0\u00bb global_colors_info=\u00a0\u00bb{}\u00a0\u00bb][et_pb_row module_id=\u00a0\u00bbsliderBanner\u00a0\u00bb _builder_version=\u00a0\u00bb4.19.1&Prime; _module_preset=\u00a0\u00bbdefault\u00a0\u00bb width=\u00a0\u00bb100%\u00a0\u00bb max_width=\u00a0\u00bb100%\u00a0\u00bb custom_padding=\u00a0\u00bb0px||0px||false|false\u00a0\u00bb global_colors_info=\u00a0\u00bb{}\u00a0\u00bb][et_pb_column type=\u00a0\u00bb4_4&Prime; _builder_version=\u00a0\u00bb4.19.1&Prime; _module_preset=\u00a0\u00bbdefault\u00a0\u00bb global_colors_info=\u00a0\u00bb{}\u00a0\u00bb][et_pb_slider show_arrows=\u00a0\u00bboff\u00a0\u00bb use_bg_overlay=\u00a0\u00bbon\u00a0\u00bb dot_nav_custom_color=\u00a0\u00bb#ffee5f\u00a0\u00bb _builder_version=\u00a0\u00bb4.21.0&Prime; _module_preset=\u00a0\u00bbdefault\u00a0\u00bb header_font=\u00a0\u00bbJost|600|||||||\u00a0\u00bb header_text_align=\u00a0\u00bbcenter\u00a0\u00bb header_font_size=\u00a0\u00bb36px\u00a0\u00bb global_colors_info=\u00a0\u00bb{}\u00a0\u00bb][et_pb_slide heading=\u00a0\u00bbEnsemble d&rsquo;appartements communautaires pour les 55+\u00a0\u00bb _builder_version=\u00a0\u00bb4.21.0&Prime; _module_preset=\u00a0\u00bbdefault\u00a0\u00bb background_image=\u00a0\u00bbhttps:\/\/spsquare.ca\/wp-content\/uploads\/2023\/05\/HOME-PAGE-page-feature-image.jpg\u00a0\u00bb background_enable_image=\u00a0\u00bbon\u00a0\u00bb custom_padding=\u00a0\u00bb250px||250px||false|false\u00a0\u00bb global_colors_info=\u00a0\u00bb{}\u00a0\u00bb sticky_transition=\u00a0\u00bbon\u00a0\u00bb][\/et_pb_slide][\/et_pb_slider][\/et_pb_column][\/et_pb_row][\/et_pb_section][et_pb_section fb_built=\u00a0\u00bb1&Prime; module_id=\u00a0\u00bbaboutsection\u00a0\u00bb _builder_version=\u00a0\u00bb4.19.1&Prime; _module_preset=\u00a0\u00bbdefault\u00a0\u00bb global_colors_info=\u00a0\u00bb{}\u00a0\u00bb][et_pb_row use_custom_gutter=\u00a0\u00bbon\u00a0\u00bb gutter_width=\u00a0\u00bb2&Prime; module_id=\u00a0\u00bbaboutsectiontext\u00a0\u00bb _builder_version=\u00a0\u00bb4.21.0&Prime; _module_preset=\u00a0\u00bbdefault\u00a0\u00bb global_colors_info=\u00a0\u00bb{}\u00a0\u00bb][et_pb_column type=\u00a0\u00bb4_4&Prime; _builder_version=\u00a0\u00bb4.19.1&Prime; _module_preset=\u00a0\u00bbdefault\u00a0\u00bb custom_padding_tablet=\u00a0\u00bb|20px||20px|false|false\u00a0\u00bb custom_padding_phone=\u00a0\u00bb|0px||0px|false|false\u00a0\u00bb custom_padding_last_edited=\u00a0\u00bbon|tablet\u00a0\u00bb global_colors_info=\u00a0\u00bb{}\u00a0\u00bb][et_pb_text _builder_version=\u00a0\u00bb4.21.0&Prime; _module_preset=\u00a0\u00bbdefault\u00a0\u00bb text_font=\u00a0\u00bbMontserrat|600|||||||\u00a0\u00bb text_text_color=\u00a0\u00bb#344d67&Prime; text_font_size=\u00a0\u00bb16px\u00a0\u00bb text_line_height=\u00a0\u00bb24px\u00a0\u00bb text_font_size_tablet=\u00a0\u00bb14px\u00a0\u00bb text_font_size_phone=\u00a0\u00bb14px\u00a0\u00bb text_font_size_last_edited=\u00a0\u00bbon|tablet\u00a0\u00bb global_colors_info=\u00a0\u00bb{}\u00a0\u00bb]St. Patrick Square est une ensemble d&rsquo;appartements communautaires o\u00f9 des personnes autonomes de 55 ans et plus jouissent d&rsquo;une qualit\u00e9 de vie dans un environnement abordable, s\u00fbr et actif.[\/et_pb_text][et_pb_text _builder_version=\u00a0\u00bb4.21.0&Prime; _module_preset=\u00a0\u00bbdefault\u00a0\u00bb text_font=\u00a0\u00bbMontserrat||||||||\u00a0\u00bb text_text_color=\u00a0\u00bb#000000&Prime; text_line_height=\u00a0\u00bb24px\u00a0\u00bb text_font_size_tablet=\u00a0\u00bb\u00a0\u00bb text_font_size_phone=\u00a0\u00bb\u00a0\u00bb text_font_size_last_edited=\u00a0\u00bbon|tablet\u00a0\u00bb global_colors_info=\u00a0\u00bb{}\u00a0\u00bb]St. Patrick Square compte 252 unit\u00e9s, r\u00e9parties sur six \u00e9tages, dont pr\u00e8s de 90 % sont des appartements d&rsquo;une chambre \u00e0 coucher (3 1\/ 2). Il y a un inventaire tr\u00e8s limit\u00e9 de studios et d&rsquo;appartements de deux et trois chambres \u00e0 coucher, qui restent tr\u00e8s demand\u00e9s.[\/et_pb_text][et_pb_text _builder_version=\u00a0\u00bb4.21.0&Prime; _module_preset=\u00a0\u00bbdefault\u00a0\u00bb text_text_color=\u00a0\u00bb#000000&Prime; text_line_height=\u00a0\u00bb30px\u00a0\u00bb locked=\u00a0\u00bboff\u00a0\u00bb global_colors_info=\u00a0\u00bb{}\u00a0\u00bb]Nous sommes situ\u00e9s sur le chemin de la C\u00f4te St-Luc, juste \u00e0 l&rsquo;ouest du boulevard Cavendish, sur l&rsquo;\u00eele de Montr\u00e9al, dans la ville de C\u00f4te St-Luc, au Qu\u00e9bec, Canada. St. Patrick Square s&rsquo;\u00e9tend sur tout le p\u00e2t\u00e9 de maisons, de l&rsquo;angle de la rue Montgomery jusqu&rsquo;\u00e0 la rue King Edward. Nous sommes \u00e0 quelques pas de la poste, des banques, du centre commercial C\u00f4te St-Luc et des restaurants. Un terrain de golf de 18 trous, la biblioth\u00e8que de la ville de C\u00f4te St-Luc, le centre aquatique, l&rsquo;h\u00f4tel de ville et le Cavendish Mall sont \u00e0 seulement dix minutes en voiture. Nous sommes facilement accessibles par les transports en commun et sommes proches des arr\u00eats de bus 66, 103, 104, 138, 262 et 420 de la STM.[\/et_pb_text][\/et_pb_column][\/et_pb_row][\/et_pb_section]<\/p>\n","protected":false},"excerpt":{"rendered":"<p>St. Patrick Square est une ensemble d&rsquo;appartements communautaires o\u00f9 des personnes autonomes de 55 ans et plus jouissent d&rsquo;une qualit\u00e9 de vie dans un environnement abordable, s\u00fbr et actif.St. Patrick Square compte 252 unit\u00e9s, r\u00e9parties sur six \u00e9tages, dont pr\u00e8s de 90 % sont des appartements d&rsquo;une chambre \u00e0 coucher (3 1\/ 2). Il y [&hellip;]<\/p>\n","protected":false},"author":1,"featured_media":0,"parent":0,"menu_order":0,"comment_status":"closed","ping_status":"closed","template":"","meta":{"_et_pb_use_builder":"on","_et_pb_old_content":"","_et_gb_content_width":"","footnotes":""},"class_list":["post-478","page","type-page","status-publish","hentry"],"_links":{"self":[{"href":"https:\/\/spsquare.ca\/fr\/wp-json\/wp\/v2\/pages\/478","targetHints":{"allow":["GET"]}}],"collection":[{"href":"https:\/\/spsquare.ca\/fr\/wp-json\/wp\/v2\/pages"}],"about":[{"href":"https:\/\/spsquare.ca\/fr\/wp-json\/wp\/v2\/types\/page"}],"author":[{"embeddable":true,"href":"https:\/\/spsquare.ca\/fr\/wp-json\/wp\/v2\/users\/1"}],"replies":[{"embeddable":true,"href":"https:\/\/spsquare.ca\/fr\/wp-json\/wp\/v2\/comments?post=478"}],"version-history":[{"count":42,"href":"https:\/\/spsquare.ca\/fr\/wp-json\/wp\/v2\/pages\/478\/revisions"}],"predecessor-version":[{"id":1529,"href":"https:\/\/spsquare.ca\/fr\/wp-json\/wp\/v2\/pages\/478\/revisions\/1529"}],"wp:attachment":[{"href":"https:\/\/spsquare.ca\/fr\/wp-json\/wp\/v2\/media?parent=478"}],"curies":[{"name":"wp","href":"https:\/\/api.w.org\/{rel}","templated":true}]}}